{"id":6355,"date":"2026-04-10T12:00:05","date_gmt":"2026-04-10T12:00:05","guid":{"rendered":"https:\/\/www.demo.zuko.tr\/?page_id=6355"},"modified":"2026-04-16T14:47:51","modified_gmt":"2026-04-16T14:47:51","slug":"editorial","status":"publish","type":"page","link":"https:\/\/www.demo.zuko.tr\/tr\/editorial\/","title":{"rendered":"Perspektif"},"content":{"rendered":"<div data-elementor-type=\"wp-page\" data-elementor-id=\"6355\" class=\"elementor elementor-6355\">\n\t\t\t\t\t\t<section class=\"elementor-section elementor-top-section elementor-element elementor-element-editorial_intro elementor-section-stretched elementor-section-boxed elementor-section-height-default elementor-section-height-default\" data-id=\"editorial_intro\" data-element_type=\"section\" data-e-type=\"section\" data-settings=\"{&quot;stretch_section&quot;:&quot;section-stretched&quot;}\">\n\t\t\t\t\t\t<div class=\"elementor-container elementor-column-gap-extended\">\n\t\t\t\t\t<div class=\"elementor-column elementor-col-100 elementor-top-column elementor-element elementor-element-editorial_col\" data-id=\"editorial_col\" data-element_type=\"column\" data-e-type=\"column\">\n\t\t\t<div class=\"elementor-widget-wrap elementor-element-populated\">\n\t\t\t\t\t\t<div class=\"elementor-element elementor-element-editorial_heading elementor-widget elementor-widget-heading\" data-id=\"editorial_heading\" data-element_type=\"widget\" data-e-type=\"widget\" data-widget_type=\"heading.default\">\n\t\t\t\t\t<h2 class=\"elementor-heading-title elementor-size-default\">Perspektif<\/h2>\t\t\t\t<\/div>\n\t\t\t\t<div class=\"elementor-element elementor-element-editorial_text elementor-widget elementor-widget-text-editor\" data-id=\"editorial_text\" data-element_type=\"widget\" data-e-type=\"widget\" data-widget_type=\"text-editor.default\">\n\t\t\t\t\t\t\t\t\t<p>Gayrimenkul, mimari ve de\u011fi\u015fen \u015fehir dokusu \u00fczerine g\u00f6zlemler.<\/p>\t\t\t\t\t\t\t\t<\/div>\n\t\t\t\t\t<\/div>\n\t\t<\/div>\n\t\t\t\t\t<\/div>\n\t\t<\/section>\n\t\t\t\t<\/div>","protected":false},"excerpt":{"rendered":"<p>Alta not only curates exceptional living and investment opportunities but also embraces a responsibility to give back. We support initiatives in education, arts, and environmental projects.<\/p>","protected":false},"author":1,"featured_media":0,"parent":0,"menu_order":0,"comment_status":"closed","ping_status":"closed","template":"","meta":{"_acf_changed":false,"footnotes":""},"class_list":["post-6355","page","type-page","status-publish","hentry"],"acf":[],"_links":{"self":[{"href":"https:\/\/www.demo.zuko.tr\/tr\/wp-json\/wp\/v2\/pages\/6355","targetHints":{"allow":["GET"]}}],"collection":[{"href":"https:\/\/www.demo.zuko.tr\/tr\/wp-json\/wp\/v2\/pages"}],"about":[{"href":"https:\/\/www.demo.zuko.tr\/tr\/wp-json\/wp\/v2\/types\/page"}],"author":[{"embeddable":true,"href":"https:\/\/www.demo.zuko.tr\/tr\/wp-json\/wp\/v2\/users\/1"}],"replies":[{"embeddable":true,"href":"https:\/\/www.demo.zuko.tr\/tr\/wp-json\/wp\/v2\/comments?post=6355"}],"version-history":[{"count":14,"href":"https:\/\/www.demo.zuko.tr\/tr\/wp-json\/wp\/v2\/pages\/6355\/revisions"}],"predecessor-version":[{"id":6809,"href":"https:\/\/www.demo.zuko.tr\/tr\/wp-json\/wp\/v2\/pages\/6355\/revisions\/6809"}],"wp:attachment":[{"href":"https:\/\/www.demo.zuko.tr\/tr\/wp-json\/wp\/v2\/media?parent=6355"}],"curies":[{"name":"wp","href":"https:\/\/api.w.org\/{rel}","templated":true}]}}